{"id":2804,"date":"2024-10-30T22:40:27","date_gmt":"2024-10-31T01:40:27","guid":{"rendered":"https:\/\/tauricargo.com\/?page_id=2804"},"modified":"2024-10-30T23:17:56","modified_gmt":"2024-10-31T02:17:56","slug":"condiciones-de-uso-del-almacen","status":"publish","type":"page","link":"https:\/\/tauricargo.com\/es\/condiciones-de-uso-del-almacen\/","title":{"rendered":"Condiciones de uso del almac\u00e9n"},"content":{"rendered":"\t\t<div data-elementor-type=\"wp-page\" data-elementor-id=\"2804\" class=\"elementor elementor-2804\" data-elementor-post-type=\"page\">\n\t\t\t\t\t\t<section data-particle_enable=\"false\" data-particle-mobile-disabled=\"false\" data-dce-background-overlay-color=\"#000000\" data-dce-background-image-url=\"https:\/\/tauricargo.com\/wp-content\/uploads\/2024\/10\/Group-139-1.jpg\" class=\"elementor-section elementor-top-section elementor-element elementor-element-05f2eff elementor-section-height-min-height elementor-section-boxed elementor-section-height-default elementor-section-items-middle\" data-id=\"05f2eff\" data-element_type=\"section\" data-e-type=\"section\" data-settings=\"{&quot;background_background&quot;:&quot;classic&quot;}\">\n\t\t\t\t\t\t\t<div class=\"elementor-background-overlay\"><\/div>\n\t\t\t\t\t\t\t<div class=\"elementor-container elementor-column-gap-no\">\n\t\t\t\t\t<div class=\"elementor-column elementor-col-100 elementor-top-column elementor-element elementor-element-2528f71\" data-id=\"2528f71\" data-element_type=\"column\" data-e-type=\"column\">\n\t\t\t<div class=\"elementor-widget-wrap\">\n\t\t\t\t\t\t\t<\/div>\n\t\t<\/div>\n\t\t\t\t\t<\/div>\n\t\t<\/section>\n\t\t\t\t<section data-particle_enable=\"false\" data-particle-mobile-disabled=\"false\" class=\"elementor-section elementor-top-section elementor-element elementor-element-75b7a2a elementor-section-boxed elementor-section-height-default elementor-section-height-default\" data-id=\"75b7a2a\" data-element_type=\"section\" data-e-type=\"section\" data-settings=\"{&quot;background_background&quot;:&quot;classic&quot;}\">\n\t\t\t\t\t\t<div class=\"elementor-container elementor-column-gap-default\">\n\t\t\t\t\t<div class=\"elementor-column elementor-col-100 elementor-top-column elementor-element elementor-element-07cafce\" data-id=\"07cafce\" data-element_type=\"column\" data-e-type=\"column\" data-settings=\"{&quot;background_background&quot;:&quot;classic&quot;}\">\n\t\t\t<div class=\"elementor-widget-wrap elementor-element-populated\">\n\t\t\t\t\t\t<section data-particle_enable=\"false\" data-particle-mobile-disabled=\"false\" class=\"elementor-section elementor-inner-section elementor-element elementor-element-82ef05e elementor-section-boxed elementor-section-height-default elementor-section-height-default\" data-id=\"82ef05e\" data-element_type=\"section\" data-e-type=\"section\">\n\t\t\t\t\t\t<div class=\"elementor-container elementor-column-gap-default\">\n\t\t\t\t\t<div class=\"elementor-column elementor-col-100 elementor-inner-column elementor-element elementor-element-db51e4b\" data-id=\"db51e4b\" data-element_type=\"column\" data-e-type=\"column\">\n\t\t\t<div class=\"elementor-widget-wrap elementor-element-populated\">\n\t\t\t\t\t\t<div class=\"elementor-element elementor-element-89f921a elementor-widget elementor-widget-heading\" data-id=\"89f921a\" data-element_type=\"widget\" data-e-type=\"widget\" data-widget_type=\"heading.default\">\n\t\t\t\t\t<h2 class=\"elementor-heading-title elementor-size-default\">Condiciones de uso del almac\u00e9n<\/h2>\t\t\t\t<\/div>\n\t\t\t\t\t<\/div>\n\t\t<\/div>\n\t\t\t\t\t<\/div>\n\t\t<\/section>\n\t\t\t\t\t<\/div>\n\t\t<\/div>\n\t\t\t\t\t<\/div>\n\t\t<\/section>\n\t\t\t\t<section data-particle_enable=\"false\" data-particle-mobile-disabled=\"false\" class=\"elementor-section elementor-top-section elementor-element elementor-element-0052985 elementor-section-height-min-height elementor-section-boxed elementor-section-height-default elementor-section-items-middle\" data-id=\"0052985\" data-element_type=\"section\" data-e-type=\"section\">\n\t\t\t\t\t\t<div class=\"elementor-container elementor-column-gap-default\">\n\t\t\t\t\t<div class=\"elementor-column elementor-col-100 elementor-top-column elementor-element elementor-element-b6dfdd4\" data-id=\"b6dfdd4\" data-element_type=\"column\" data-e-type=\"column\">\n\t\t\t<div class=\"elementor-widget-wrap elementor-element-populated\">\n\t\t\t\t\t\t<section data-particle_enable=\"false\" data-particle-mobile-disabled=\"false\" class=\"elementor-section elementor-inner-section elementor-element elementor-element-799a399 elementor-section-boxed elementor-section-height-default elementor-section-height-default\" data-id=\"799a399\" data-element_type=\"section\" data-e-type=\"section\">\n\t\t\t\t\t\t<div class=\"elementor-container elementor-column-gap-default\">\n\t\t\t\t\t<div class=\"elementor-column elementor-col-100 elementor-inner-column elementor-element elementor-element-fc513e6\" data-id=\"fc513e6\" data-element_type=\"column\" data-e-type=\"column\">\n\t\t\t<div class=\"elementor-widget-wrap elementor-element-populated\">\n\t\t\t\t\t\t<div class=\"elementor-element elementor-element-d05c70a elementor-widget elementor-widget-text-editor\" data-id=\"d05c70a\" data-element_type=\"widget\" data-e-type=\"widget\" data-widget_type=\"text-editor.default\">\n\t\t\t\t\t\t\t\t\t<p>En estos t\u00e9rminos y condiciones, a menos que se especifique lo contrario, las referencias a \u00abEl Almacenista\u00bb, \u00abLa Empresa de<br \/>Almacenaje\u00bb y \u00abEmpresa\u00bb significan Tauri Cargo International Corp, incluyendo sus filiales, entidades relacionadas, agentes,<br \/>subcontratistas y\/o representantes. El t\u00e9rmino \u00abDepositante\u00bb designa al cargador, consignatario o propietario de la mercanc\u00eda, o a sus agentes, incluidos, entre otros, los transportistas, agentes de carga y estibadores, as\u00ed como cualquier entidad que mantenga un parque de<br \/>chasis\/remolques en las instalaciones identificadas del almacenista. \u00abEquipo\u00bb se refiere a cualquier chasis, contenedor, remolque o tractor, mientras que \u00abMercanc\u00edas\u00bb denota la mercanc\u00eda, carga o flete almacenado por el depositante e identificado en este recibo de<br \/>almac\u00e9n. \u00abAlmacenamiento en patio\u00bb indica la colocaci\u00f3n de contenedores o remolques, cargados o vac\u00edos, asegurados o no, en el patio del almacenista en beneficio del depositante.<\/p>\t\t\t\t\t\t\t\t<\/div>\n\t\t\t\t\t<\/div>\n\t\t<\/div>\n\t\t\t\t\t<\/div>\n\t\t<\/section>\n\t\t\t\t<section data-particle_enable=\"false\" data-particle-mobile-disabled=\"false\" class=\"elementor-section elementor-inner-section elementor-element elementor-element-e95c218 elementor-section-boxed elementor-section-height-default elementor-section-height-default\" data-id=\"e95c218\" data-element_type=\"section\" data-e-type=\"section\">\n\t\t\t\t\t\t<div class=\"elementor-container elementor-column-gap-default\">\n\t\t\t\t\t<div class=\"elementor-column elementor-col-100 elementor-inner-column elementor-element elementor-element-edbfe3a\" data-id=\"edbfe3a\" data-element_type=\"column\" data-e-type=\"column\">\n\t\t\t<div class=\"elementor-widget-wrap elementor-element-populated\">\n\t\t\t\t\t\t<div class=\"elementor-element elementor-element-835f310 elementor-widget elementor-widget-text-editor\" data-id=\"835f310\" data-element_type=\"widget\" data-e-type=\"widget\" data-widget_type=\"text-editor.default\">\n\t\t\t\t\t\t\t\t\t<strong>ACEPTACI\u00d3N<\/strong> &#8211; Secci\u00f3n 1\n\n<br>(a) El presente contrato y el presupuesto de tarifas, junto con cualquier cargo adicional especificado en el mismo, entrar\u00e1n en vigor en el\nmomento de la recepci\u00f3n de las mercanc\u00edas por parte de la empresa de almacenaje en sus instalaciones o en el momento de la aceptaci\u00f3n por escrito por parte del depositante, lo que ocurra primero.\n\n<br>(b) En caso de que las mercanc\u00edas ofrecidas para su almacenamiento no se ajusten a la descripci\u00f3n del presente documento, o si las mercanc\u00edas conformes se ofrecen despu\u00e9s de 30 d\u00edas a partir de la\nfecha de inicio sin la aceptaci\u00f3n previa por escrito del depositante, el\nalmacenista podr\u00e1 rechazar la aceptaci\u00f3n. En caso de aceptaci\u00f3n, el\ndepositante acepta las tarifas, gastos y condiciones del presente\ncontrato.\n\n<br>(c) Cualquiera de las partes podr\u00e1 cancelar este contrato con un\npreaviso por escrito de 30 d\u00edas, o se cancelar\u00e1 autom\u00e1ticamente si no\nse produce ning\u00fan almacenamiento o servicio bajo este contrato\ndurante 90 d\u00edas.\t\t\t\t\t\t\t\t<\/div>\n\t\t\t\t\t<\/div>\n\t\t<\/div>\n\t\t\t\t\t<\/div>\n\t\t<\/section>\n\t\t\t\t<section data-particle_enable=\"false\" data-particle-mobile-disabled=\"false\" class=\"elementor-section elementor-inner-section elementor-element elementor-element-fb63612 elementor-section-boxed elementor-section-height-default elementor-section-height-default\" data-id=\"fb63612\" data-element_type=\"section\" data-e-type=\"section\">\n\t\t\t\t\t\t<div class=\"elementor-container elementor-column-gap-default\">\n\t\t\t\t\t<div class=\"elementor-column elementor-col-100 elementor-inner-column elementor-element elementor-element-2705b4b\" data-id=\"2705b4b\" data-element_type=\"column\" data-e-type=\"column\">\n\t\t\t<div class=\"elementor-widget-wrap elementor-element-populated\">\n\t\t\t\t\t\t<div class=\"elementor-element elementor-element-8ed67aa elementor-widget elementor-widget-text-editor\" data-id=\"8ed67aa\" data-element_type=\"widget\" data-e-type=\"widget\" data-widget_type=\"text-editor.default\">\n\t\t\t\t\t\t\t\t\t<strong>ENV\u00cdO<\/strong> &#8211; Secci\u00f3n 2\n<br>El depositante no designar\u00e1 al almacenista como consignatario de ninguna mercanc\u00eda bajo contratos de transporte. Si las mercanc\u00edas se\nenv\u00edan err\u00f3neamente al almacenista como consignatario, el\ndepositante deber\u00e1 notificarlo por escrito al transportista antes del\nenv\u00edo, indemnizando al almacenista contra cualquier reclamaci\u00f3n\nresultante.\t\t\t\t\t\t\t\t<\/div>\n\t\t\t\t\t<\/div>\n\t\t<\/div>\n\t\t\t\t\t<\/div>\n\t\t<\/section>\n\t\t\t\t<section data-particle_enable=\"false\" data-particle-mobile-disabled=\"false\" class=\"elementor-section elementor-inner-section elementor-element elementor-element-9e5d786 elementor-section-boxed elementor-section-height-default elementor-section-height-default\" data-id=\"9e5d786\" data-element_type=\"section\" data-e-type=\"section\">\n\t\t\t\t\t\t<div class=\"elementor-container elementor-column-gap-default\">\n\t\t\t\t\t<div class=\"elementor-column elementor-col-100 elementor-inner-column elementor-element elementor-element-15fb2c0\" data-id=\"15fb2c0\" data-element_type=\"column\" data-e-type=\"column\">\n\t\t\t<div class=\"elementor-widget-wrap elementor-element-populated\">\n\t\t\t\t\t\t<div class=\"elementor-element elementor-element-edc21cc elementor-widget elementor-widget-text-editor\" data-id=\"edc21cc\" data-element_type=\"widget\" data-e-type=\"widget\" data-widget_type=\"text-editor.default\">\n\t\t\t\t\t\t\t\t\t<p><strong>LICITACI\u00d3N PARA ALMACENAMIENTO<\/strong> &#8211; Secci\u00f3n 3<br \/>Las mercanc\u00edas destinadas al almacenamiento deber\u00e1n entregarse debidamente marcadas y embaladas, acompa\u00f1adas de un manifiesto<br \/>en el que se indiquen las instrucciones de manipulaci\u00f3n.<\/p>\t\t\t\t\t\t\t\t<\/div>\n\t\t\t\t\t<\/div>\n\t\t<\/div>\n\t\t\t\t\t<\/div>\n\t\t<\/section>\n\t\t\t\t<section data-particle_enable=\"false\" data-particle-mobile-disabled=\"false\" class=\"elementor-section elementor-inner-section elementor-element elementor-element-95385cd elementor-section-boxed elementor-section-height-default elementor-section-height-default\" data-id=\"95385cd\" data-element_type=\"section\" data-e-type=\"section\">\n\t\t\t\t\t\t<div class=\"elementor-container elementor-column-gap-default\">\n\t\t\t\t\t<div class=\"elementor-column elementor-col-100 elementor-inner-column elementor-element elementor-element-e719b93\" data-id=\"e719b93\" data-element_type=\"column\" data-e-type=\"column\">\n\t\t\t<div class=\"elementor-widget-wrap elementor-element-populated\">\n\t\t\t\t\t\t<div class=\"elementor-element elementor-element-bf5f8d9 elementor-widget elementor-widget-text-editor\" data-id=\"bf5f8d9\" data-element_type=\"widget\" data-e-type=\"widget\" data-widget_type=\"text-editor.default\">\n\t\t\t\t\t\t\t\t\t<p><strong>PLAZO DE ALMACENAMIENTO Y CARGOS<\/strong> &#8211; Secci\u00f3n 4<br \/>(a) Los gastos de almacenaje se calculan por bulto o unidad, al mes.<br \/>(b) Los cargos comienzan en el momento en que el almacenista acepta la custodia de la mercanc\u00eda, independientemente de la descarga o de la emisi\u00f3n de un recibo.<br \/>(c) Los cargos de almacenamiento por mes completo o medio mes se aplican seg\u00fan la fecha de recepci\u00f3n, y los cargos subsiguientes vencen el primero de cada mes.<\/p>\t\t\t\t\t\t\t\t<\/div>\n\t\t\t\t\t<\/div>\n\t\t<\/div>\n\t\t\t\t\t<\/div>\n\t\t<\/section>\n\t\t\t\t<section data-particle_enable=\"false\" data-particle-mobile-disabled=\"false\" class=\"elementor-section elementor-inner-section elementor-element elementor-element-fabc174 elementor-section-boxed elementor-section-height-default elementor-section-height-default\" data-id=\"fabc174\" data-element_type=\"section\" data-e-type=\"section\">\n\t\t\t\t\t\t<div class=\"elementor-container elementor-column-gap-default\">\n\t\t\t\t\t<div class=\"elementor-column elementor-col-100 elementor-inner-column elementor-element elementor-element-6bf5e05\" data-id=\"6bf5e05\" data-element_type=\"column\" data-e-type=\"column\">\n\t\t\t<div class=\"elementor-widget-wrap elementor-element-populated\">\n\t\t\t\t\t\t<div class=\"elementor-element elementor-element-68173df elementor-widget elementor-widget-text-editor\" data-id=\"68173df\" data-element_type=\"widget\" data-e-type=\"widget\" data-widget_type=\"text-editor.default\">\n\t\t\t\t\t\t\t\t\t<p><strong>TRASLADO, TERMINACI\u00d3N, RETIRADA Y GRAVAMEN<\/strong> &#8211; Secci\u00f3n 5<br \/>(a) Las instrucciones de transferencia deben ser aceptadas por el almacenista, factur\u00e1ndose los gastos al depositante.<br \/>(b) El almacenista se reserva el derecho de trasladar la mercanc\u00eda a otra instalaci\u00f3n previo aviso, con los cargos aplicables.<br \/>(c) El almacenista podr\u00e1 exigir la retirada de la mercanc\u00eda previo aviso por escrito, con venta si la mercanc\u00eda permanece m\u00e1s all\u00e1 de los plazos especificados.<\/p>\t\t\t\t\t\t\t\t<\/div>\n\t\t\t\t\t<\/div>\n\t\t<\/div>\n\t\t\t\t\t<\/div>\n\t\t<\/section>\n\t\t\t\t<section data-particle_enable=\"false\" data-particle-mobile-disabled=\"false\" class=\"elementor-section elementor-inner-section elementor-element elementor-element-4df7309 elementor-section-boxed elementor-section-height-default elementor-section-height-default\" data-id=\"4df7309\" data-element_type=\"section\" data-e-type=\"section\">\n\t\t\t\t\t\t<div class=\"elementor-container elementor-column-gap-default\">\n\t\t\t\t\t<div class=\"elementor-column elementor-col-100 elementor-inner-column elementor-element elementor-element-1001746\" data-id=\"1001746\" data-element_type=\"column\" data-e-type=\"column\">\n\t\t\t<div class=\"elementor-widget-wrap elementor-element-populated\">\n\t\t\t\t\t\t<div class=\"elementor-element elementor-element-9b55418 elementor-widget elementor-widget-text-editor\" data-id=\"9b55418\" data-element_type=\"widget\" data-e-type=\"widget\" data-widget_type=\"text-editor.default\">\n\t\t\t\t\t\t\t\t\t<p><strong>MANIPULACI\u00d3N<\/strong> &#8211; Secci\u00f3n 6<br \/>(a) Los gastos de manipulaci\u00f3n cubren la mano de obra b\u00e1sica para recibir, almacenar y devolver la mercanc\u00eda.<br \/>(b) Pueden aplicarse cargos adicionales por descarga\/carga, mercanc\u00edas da\u00f1adas o servicios especializados.<\/p>\t\t\t\t\t\t\t\t<\/div>\n\t\t\t\t\t<\/div>\n\t\t<\/div>\n\t\t\t\t\t<\/div>\n\t\t<\/section>\n\t\t\t\t<section data-particle_enable=\"false\" data-particle-mobile-disabled=\"false\" class=\"elementor-section elementor-inner-section elementor-element elementor-element-da5642a elementor-section-boxed elementor-section-height-default elementor-section-height-default\" data-id=\"da5642a\" data-element_type=\"section\" data-e-type=\"section\">\n\t\t\t\t\t\t<div class=\"elementor-container elementor-column-gap-default\">\n\t\t\t\t\t<div class=\"elementor-column elementor-col-100 elementor-inner-column elementor-element elementor-element-0936549\" data-id=\"0936549\" data-element_type=\"column\" data-e-type=\"column\">\n\t\t\t<div class=\"elementor-widget-wrap elementor-element-populated\">\n\t\t\t\t\t\t<div class=\"elementor-element elementor-element-b9d3d0d elementor-widget elementor-widget-text-editor\" data-id=\"b9d3d0d\" data-element_type=\"widget\" data-e-type=\"widget\" data-widget_type=\"text-editor.default\">\n\t\t\t\t\t\t\t\t\t<p><strong>REQUISITOS DE ENTREGA<\/strong> &#8211; Secci\u00f3n 7<br \/>(a) Las mercanc\u00edas no se entregar\u00e1n sin instrucciones por escrito, salvo en circunstancias espec\u00edficas.<br \/>(b) La entrega est\u00e1 supeditada a la entrega de recibos negociables.<br \/>(c) Se permiten plazos razonables para llevar a cabo las instrucciones de entrega.<\/p>\t\t\t\t\t\t\t\t<\/div>\n\t\t\t\t\t<\/div>\n\t\t<\/div>\n\t\t\t\t\t<\/div>\n\t\t<\/section>\n\t\t\t\t<section data-particle_enable=\"false\" data-particle-mobile-disabled=\"false\" class=\"elementor-section elementor-inner-section elementor-element elementor-element-ad3ab83 elementor-section-boxed elementor-section-height-default elementor-section-height-default\" data-id=\"ad3ab83\" data-element_type=\"section\" data-e-type=\"section\">\n\t\t\t\t\t\t<div class=\"elementor-container elementor-column-gap-default\">\n\t\t\t\t\t<div class=\"elementor-column elementor-col-100 elementor-inner-column elementor-element elementor-element-50a4928\" data-id=\"50a4928\" data-element_type=\"column\" data-e-type=\"column\">\n\t\t\t<div class=\"elementor-widget-wrap elementor-element-populated\">\n\t\t\t\t\t\t<div class=\"elementor-element elementor-element-e809c82 elementor-widget elementor-widget-text-editor\" data-id=\"e809c82\" data-element_type=\"widget\" data-e-type=\"widget\" data-widget_type=\"text-editor.default\">\n\t\t\t\t\t\t\t\t\t<p><strong>SERVICIOS EXTRA<\/strong> &#8211; Secci\u00f3n 8<br \/>(a) Se facturar\u00e1 al depositante mano de obra adicional por servicios no est\u00e1ndar.<br \/>(b) Las solicitudes especiales conllevan cargos adicionales, incluidos los costes de material y los gastos de comunicaci\u00f3n.<\/p>\t\t\t\t\t\t\t\t<\/div>\n\t\t\t\t\t<\/div>\n\t\t<\/div>\n\t\t\t\t\t<\/div>\n\t\t<\/section>\n\t\t\t\t<section data-particle_enable=\"false\" data-particle-mobile-disabled=\"false\" class=\"elementor-section elementor-inner-section elementor-element elementor-element-8666e07 elementor-section-boxed elementor-section-height-default elementor-section-height-default\" data-id=\"8666e07\" data-element_type=\"section\" data-e-type=\"section\">\n\t\t\t\t\t\t<div class=\"elementor-container elementor-column-gap-default\">\n\t\t\t\t\t<div class=\"elementor-column elementor-col-100 elementor-inner-column elementor-element elementor-element-a4e9299\" data-id=\"a4e9299\" data-element_type=\"column\" data-e-type=\"column\">\n\t\t\t<div class=\"elementor-widget-wrap elementor-element-populated\">\n\t\t\t\t\t\t<div class=\"elementor-element elementor-element-02cc8c4 elementor-widget elementor-widget-text-editor\" data-id=\"02cc8c4\" data-element_type=\"widget\" data-e-type=\"widget\" data-widget_type=\"text-editor.default\">\n\t\t\t\t\t\t\t\t\t<p><strong>ALMACENAMIENTO EN FIANZA, CARGOS M\u00cdNIMOS, RESPONSABILIDAD Y ARBITRAJE<\/strong> &#8211; Art\u00edculos 9-12<br \/>(a) El almacenamiento bajo fianza conlleva gastos adicionales.<br \/>(b) Se aplican cargos m\u00ednimos por lote o cuenta.<br \/>(c) La responsabilidad est\u00e1 limitada y sujeta a arbitraje bajo condiciones espec\u00edficas.<\/p>\t\t\t\t\t\t\t\t<\/div>\n\t\t\t\t\t<\/div>\n\t\t<\/div>\n\t\t\t\t\t<\/div>\n\t\t<\/section>\n\t\t\t\t<section data-particle_enable=\"false\" data-particle-mobile-disabled=\"false\" class=\"elementor-section elementor-inner-section elementor-element elementor-element-f028b4a elementor-section-boxed elementor-section-height-default elementor-section-height-default\" data-id=\"f028b4a\" data-element_type=\"section\" data-e-type=\"section\">\n\t\t\t\t\t\t<div class=\"elementor-container elementor-column-gap-default\">\n\t\t\t\t\t<div class=\"elementor-column elementor-col-100 elementor-inner-column elementor-element elementor-element-692d293\" data-id=\"692d293\" data-element_type=\"column\" data-e-type=\"column\">\n\t\t\t<div class=\"elementor-widget-wrap elementor-element-populated\">\n\t\t\t\t\t\t<div class=\"elementor-element elementor-element-91e4de1 elementor-widget elementor-widget-text-editor\" data-id=\"91e4de1\" data-element_type=\"widget\" data-e-type=\"widget\" data-widget_type=\"text-editor.default\">\n\t\t\t\t\t\t\t\t\t<p><strong>NOTIFICACI\u00d3N, L\u00cdMITES DE RESPONSABILIDAD Y RENUNCIAS<\/strong> &#8211; Art\u00edculos 13-19<br \/>(a) Se requiere notificaci\u00f3n oportuna de las reclamaciones y se aplican l\u00edmites de responsabilidad.<br \/>(b) Las disposiciones son vinculantes, sujetas a cl\u00e1usulas de divisibilidad y renuncia.<\/p>\t\t\t\t\t\t\t\t<\/div>\n\t\t\t\t\t<\/div>\n\t\t<\/div>\n\t\t\t\t\t<\/div>\n\t\t<\/section>\n\t\t\t\t<section data-particle_enable=\"false\" data-particle-mobile-disabled=\"false\" class=\"elementor-section elementor-inner-section elementor-element elementor-element-b4cc2e9 elementor-section-boxed elementor-section-height-default elementor-section-height-default\" data-id=\"b4cc2e9\" data-element_type=\"section\" data-e-type=\"section\">\n\t\t\t\t\t\t<div class=\"elementor-container elementor-column-gap-default\">\n\t\t\t\t\t<div class=\"elementor-column elementor-col-100 elementor-inner-column elementor-element elementor-element-b382412\" data-id=\"b382412\" data-element_type=\"column\" data-e-type=\"column\">\n\t\t\t<div class=\"elementor-widget-wrap elementor-element-populated\">\n\t\t\t\t\t\t<div class=\"elementor-element elementor-element-aa53ad5 elementor-widget elementor-widget-text-editor\" data-id=\"aa53ad5\" data-element_type=\"widget\" data-e-type=\"widget\" data-widget_type=\"text-editor.default\">\n\t\t\t\t\t\t\t\t\t<p><strong>ALMACENAMIENTO EN EL EXTERIOR Y APLICACI\u00d3N DE LAS CONDICIONES<\/strong> &#8211; Art\u00edculos 20-21<br \/>La responsabilidad por almacenamiento en patio y el lugar de celebraci\u00f3n se rigen por las secciones anteriores, con los t\u00e9rminos interpretados seg\u00fan la ley de Florida.<\/p>\t\t\t\t\t\t\t\t<\/div>\n\t\t\t\t\t<\/div>\n\t\t<\/div>\n\t\t\t\t\t<\/div>\n\t\t<\/section>\n\t\t\t\t\t<\/div>\n\t\t<\/div>\n\t\t\t\t\t<\/div>\n\t\t<\/section>\n\t\t\t\t<\/div>\n\t\t","protected":false},"excerpt":{"rendered":"<p>Condiciones de uso del almac\u00e9n En estos t\u00e9rminos y condiciones, a menos que se especifique lo contrario, las referencias a \u00abEl Almacenista\u00bb, \u00abLa Empresa deAlmacenaje\u00bb y \u00abEmpresa\u00bb significan Tauri Cargo International Corp, incluyendo sus filiales, entidades relacionadas, agentes,subcontratistas y\/o representantes. El t\u00e9rmino \u00abDepositante\u00bb designa al cargador, consignatario o propietario de la mercanc\u00eda, o a sus [&hellip;]<\/p>\n","protected":false},"author":4,"featured_media":0,"parent":0,"menu_order":0,"comment_status":"closed","ping_status":"closed","template":"","meta":{"inline_featured_image":false,"footnotes":""},"class_list":["post-2804","page","type-page","status-publish","hentry"],"_links":{"self":[{"href":"https:\/\/tauricargo.com\/es\/wp-json\/wp\/v2\/pages\/2804","targetHints":{"allow":["GET"]}}],"collection":[{"href":"https:\/\/tauricargo.com\/es\/wp-json\/wp\/v2\/pages"}],"about":[{"href":"https:\/\/tauricargo.com\/es\/wp-json\/wp\/v2\/types\/page"}],"author":[{"embeddable":true,"href":"https:\/\/tauricargo.com\/es\/wp-json\/wp\/v2\/users\/4"}],"replies":[{"embeddable":true,"href":"https:\/\/tauricargo.com\/es\/wp-json\/wp\/v2\/comments?post=2804"}],"version-history":[{"count":4,"href":"https:\/\/tauricargo.com\/es\/wp-json\/wp\/v2\/pages\/2804\/revisions"}],"predecessor-version":[{"id":2829,"href":"https:\/\/tauricargo.com\/es\/wp-json\/wp\/v2\/pages\/2804\/revisions\/2829"}],"wp:attachment":[{"href":"https:\/\/tauricargo.com\/es\/wp-json\/wp\/v2\/media?parent=2804"}],"curies":[{"name":"wp","href":"https:\/\/api.w.org\/{rel}","templated":true}]}}